{"id":36,"date":"2016-02-09T17:22:07","date_gmt":"2016-02-09T17:22:07","guid":{"rendered":"https:\/\/spektromunkabiz.hu\/?page_id=36"},"modified":"2022-01-10T08:02:10","modified_gmt":"2022-01-10T08:02:10","slug":"programok-esemenyek-eskiadvanyok","status":"publish","type":"page","link":"https:\/\/spektromunkabiz.hu\/index.php\/programok-esemenyek-eskiadvanyok\/","title":{"rendered":"Programok, esem\u00e9nyek \u00e9s kiadv\u00e1nyok"},"content":{"rendered":"<p><em>2017<\/em><\/p>\n<ul>\n<li><a href=\"https:\/\/spektromunkabiz.hu\/?post_type=tribe_events&amp;p=408&amp;preview=true\">EWPCS 2017<\/a> (2017. febru\u00e1r 19. &#8211; 24.)<\/li>\n<li><a href=\"https:\/\/spektromunkabiz.hu\/?post_type=tribe_events&amp;p=415&amp;preview=true\">Colloquium Spectroscopicum Internationale XL<\/a> (2017. j\u00fanius 11. &#8211; 16.)<\/li>\n<li><a href=\"https:\/\/spektromunkabiz.hu\/index.php\/event\/9th-euro-mediterranean-symposium-on-libs\/\">9th EMSLIBS<\/a>&nbsp;(2017. j\u00fanius 11. &#8211; 16.)<\/li>\n<li><a href=\"https:\/\/spektromunkabiz.hu\/index.php\/event\/60-magyar-spektrokemiai-vandorgyules\/\">60. Magyar Spektrok\u00e9miai V\u00e1ndorgy\u0171l\u00e9s<\/a> (2017. augusztus 22. &#8211; 26.)<\/li>\n<\/ul>\n<p>&nbsp;<\/p>\n<p><em>2016<\/em><\/p>\n<ul>\n<li><a href=\"https:\/\/spektromunkabiz.hu\/index.php\/event\/esas-2016\/\">ESAS 2016<\/a>&nbsp;[Az ESAS-2016 keret\u00e9ben ker\u00fclt megrendez\u00e9sre az 59. Magyar Spektrok\u00e9miai V\u00e1ndorgy\u0171l\u00e9s]&nbsp;(2016. m\u00e1rcius 31. &#8211; \u00e1prilis 2.)<\/li>\n<li><a href=\"https:\/\/spektromunkabiz.hu\/index.php\/event\/8th-nordic-conference-on-plasma-spectrochemistry\/\">8th Nordic Conference on Plasma Spectrochemistry<\/a>&nbsp;(2016. j\u00fanius 5. &#8211; 8.)<\/li>\n<li><a href=\"https:\/\/spektromunkabiz.hu\/index.php\/event\/xv-italian-hungarian-symposium-on-spectrochemistry\/\">XV. Italian- Hungarian Symposium on Spectrochemistry<\/a> (2016. j\u00fanius 12. &#8211; 16.)<\/li>\n<li><a href=\"https:\/\/spektromunkabiz.hu\/index.php\/event\/dr-heltai-gyorgy-professzor-ur-70-szuletesnapja-alkalmabol-unnepseg\/\">Dr. Heltai Gy\u00f6rgy Professzor \u00dar 70. sz\u00fclet\u00e9snapja alkalm\u00e1b\u00f3l \u00fcnneps\u00e9g<\/a> (2016. j\u00falius 5.)<\/li>\n<li><a href=\"https:\/\/spektromunkabiz.hu\/index.php\/event\/eucmos-2016\/\">EUCMOS 2016<\/a> (2016. j\u00falius 8. &#8211; augusztus 14.)<\/li>\n<li><a href=\"https:\/\/spektromunkabiz.hu\/index.php\/event\/libs-9th-international-conference-on-laser-induced-breakdown-spectroscopy\/\">LIBS<\/a>&nbsp;(2016. szeptember 12. &#8211; 16.)<\/li>\n<li><a href=\"https:\/\/spektromunkabiz.hu\/index.php\/event\/dr-zaray-gyula-professzor-ur-70-szuletesnapja-alkalmabol-unnepi-ules\/\">Dr. Z\u00e1ray Gyula Professzor \u00dar 70. sz\u00fclet\u00e9snapja alkalm\u00e1b\u00f3l rendezett \u00fcnneps\u00e9g&nbsp;<\/a>(2016. szeptember 16.)<\/li>\n<li><a href=\"https:\/\/spektromunkabiz.hu\/index.php\/event\/akktb-skm-tudomanyos-ulese-2\/\">AKKTB, SKM tudom\u00e1nyos \u00fcl\u00e9se<\/a> (2016. november 21.)<\/li>\n<\/ul>\n<p>&nbsp;<\/p>\n<p><em>2015<\/em><\/p>\n<ul>\n<li><a href=\"https:\/\/spektromunkabiz.hu\/index.php\/event\/akktb-skm-tudomanyos-ulese\/\">AKKTB, SKM tudom\u00e1nyos \u00fcl\u00e9se<\/a> (2015. december 4.)<\/li>\n<\/ul>\n<p>&nbsp;<\/p>\n<p>&nbsp;<\/p>\n","protected":false},"excerpt":{"rendered":"<p>2017 EWPCS 2017 (2017. febru\u00e1r 19. &#8211; 24.) Colloquium Spectroscopicum Internationale XL (2017. j\u00fanius 11. &#8211; 16.) 9th EMSLIBS&nbsp;(2017. j\u00fanius 11. &#8211; 16.) 60. Magyar Spektrok\u00e9miai V\u00e1ndorgy\u0171l\u00e9s (2017. augusztus 22. &#8211; 26.) &nbsp; 2016 ESAS 2016&nbsp;[Az ESAS-2016 keret\u00e9ben ker\u00fclt megrendez\u00e9sre&#8230; <a class=\"more-link\" href=\"https:\/\/spektromunkabiz.hu\/index.php\/programok-esemenyek-eskiadvanyok\/\">Continue Reading &rarr;<\/a><\/p>\n","protected":false},"author":2,"featured_media":0,"parent":0,"menu_order":0,"comment_status":"closed","ping_status":"closed","template":"template-fullwidth.php","meta":{"footnotes":""},"class_list":["post-36","page","type-page","status-publish","hentry"],"_links":{"self":[{"href":"https:\/\/spektromunkabiz.hu\/index.php\/wp-json\/wp\/v2\/pages\/36","targetHints":{"allow":["GET"]}}],"collection":[{"href":"https:\/\/spektromunkabiz.hu\/index.php\/wp-json\/wp\/v2\/pages"}],"about":[{"href":"https:\/\/spektromunkabiz.hu\/index.php\/wp-json\/wp\/v2\/types\/page"}],"author":[{"embeddable":true,"href":"https:\/\/spektromunkabiz.hu\/index.php\/wp-json\/wp\/v2\/users\/2"}],"replies":[{"embeddable":true,"href":"https:\/\/spektromunkabiz.hu\/index.php\/wp-json\/wp\/v2\/comments?post=36"}],"version-history":[{"count":48,"href":"https:\/\/spektromunkabiz.hu\/index.php\/wp-json\/wp\/v2\/pages\/36\/revisions"}],"predecessor-version":[{"id":446,"href":"https:\/\/spektromunkabiz.hu\/index.php\/wp-json\/wp\/v2\/pages\/36\/revisions\/446"}],"wp:attachment":[{"href":"https:\/\/spektromunkabiz.hu\/index.php\/wp-json\/wp\/v2\/media?parent=36"}],"curies":[{"name":"wp","href":"https:\/\/api.w.org\/{rel}","templated":true}]}}