{"id":32,"date":"2016-02-09T17:21:38","date_gmt":"2016-02-09T17:21:38","guid":{"rendered":"https:\/\/spektromunkabiz.hu\/?page_id=32"},"modified":"2025-07-28T20:31:09","modified_gmt":"2025-07-28T20:31:09","slug":"tortenet-es-kuldetes","status":"publish","type":"page","link":"https:\/\/spektromunkabiz.hu\/index.php\/tortenet-es-kuldetes\/","title":{"rendered":"Az SKM tev\u00e9kenys\u00e9gi k\u00f6re"},"content":{"rendered":"<h4 style=\"text-align: center;\"><strong>Az MTA SPEKTROK\u00c9MIAI MUNKABIZOTTS\u00c1G\u00c1NAK fel\u00e9p\u00edt\u00e9se \u00e9s tev\u00e9kenys\u00e9gi k\u00f6re<\/strong><\/h4>\n<p style=\"text-align: justify;\"><strong>A munkabizotts\u00e1g tagjai:<\/strong><\/p>\n<p style=\"text-align: justify;\">A Spektrok\u00e9miai Munkabizotts\u00e1g (SKM) tagjai a k\u00e9miai tudom\u00e1nyon bel\u00fcl az analitikai atom- \u00e9s\/vagy molekulaspektroszk\u00f3pia ter\u00fclet\u00e9n tev\u00e9kenyked\u0151 kutat\u00f3k. Tagjaiv\u00e1 v\u00e1laszthat\u00f3k azok a \u00a0tudom\u00e1nyos fokozattal rendelkez\u0151, tapasztalt kutat\u00f3k \u00e9s szakemberek, akik az MTA k\u00f6ztest\u00fclet\u00e9nek tagjai \u00e9s \u00edr\u00e1sos nyilatkozatot tesznek arr\u00f3l, hogy a munkabizotts\u00e1g\u00a0 munk\u00e1j\u00e1ban r\u00e9szt k\u00edv\u00e1nnak venni.<\/p>\n<p style=\"text-align: justify;\"><strong>A munkabizotts\u00e1g tev\u00e9kenys\u00e9g\u00e9nek ter\u00fclete:<\/strong><\/p>\n<p style=\"text-align: justify;\">A munkabizotts\u00e1g (tagjainak) tudom\u00e1nyos tev\u00e9kenys\u00e9ge az analitikai atom- \u00e9s molekulaspektroszk\u00f3pi\u00e1val foglalkoz\u00f3 alapkutat\u00e1sokra koncentr\u00e1l\u00f3dik. F\u0151k\u00e9nt olyan m\u0171szerek, m\u00f3dszerek \u00e9s elm\u00e9letek kidolgoz\u00e1s\u00e1val\/kifejleszt\u00e9s\u00e9vel kapcsolatos, amelyek hozz\u00e1j\u00e1rulnak az atom- \u00e9s molekulaspektroszk\u00f3pi\u00e1ban lej\u00e1tsz\u00f3d\u00f3 folyamatok meg\u00e9rt\u00e9s\u00e9hez \u00e9s jav\u00edtj\u00e1k az ezen a ter\u00fcleten haszn\u00e1lt elj\u00e1r\u00e1sok \u00e9s m\u0171szerek analitikai teljes\u00edt\u0151k\u00e9pess\u00e9g\u00e9t, kiterjesztik azok alkalmaz\u00e1si lehet\u0151s\u00e9geit.<\/p>\n<p style=\"text-align: justify;\">A k\u00e9miai tudom\u00e1nyon bel\u00fcl a spektrok\u00e9mia, de ezen bel\u00fcl is az atom- \u00e9s molekulaspektroszk\u00f3pia k\u00fcl\u00f6n-k\u00fcl\u00f6n is igen sz\u00e9les tudom\u00e1nyos ter\u00fcleteket foglalnak magukban. Fontos ez\u00e9rt kijelenteni, hogy a munkabizotts\u00e1g tev\u00e9kenys\u00e9ge els\u0151sorban a kvantitat\u00edv vagy kvalitat\u00edv analitikai c\u00e9l\u00fa m\u0171szerekhez, m\u00f3dszerekhez, elm\u00e9letekhez kapcsol\u00f3dik. Ennek megfelel\u0151en nem tartozik a munkabizotts\u00e1g tev\u00e9kenys\u00e9gi k\u00f6r\u00e9be a k\u00e9miai szerkezetvizsg\u00e1lat m\u0171szereinek, m\u00f3dszereinek \u00e9s elm\u00e9leteinek vizsg\u00e1lata, kutat\u00e1sa. Az analitikai spektroszk\u00f3pia rutin alkalmaz\u00e1s\u00e1b\u00f3l sz\u00e1rmaz\u00f3 eredm\u00e9nyek diszkusszi\u00f3j\u00e1val m\u00e1s szakmai szervezetek, els\u0151sorban a Magyar K\u00e9mikusok Egyes\u00fclet\u00e9nek Spektrok\u00e9miai T\u00e1rsas\u00e1ga foglalkozik. A munkabizotts\u00e1g ezen szakmai szervezetek rendezv\u00e9nyeinek szervez\u00e9s\u00e9t tagjain kereszt\u00fcl t\u00e1mogatja.<\/p>\n<p style=\"text-align: justify;\">A munkabizotts\u00e1g ugyanakkor fontosnak tartja azon alapkutat\u00e1si ter\u00fcletekkel val\u00f3 kapcsolatot, amelyek az analitikai atom- vagy molekulaspektrom\u00e9tereket nem \u00f6n\u00e1ll\u00f3 berendez\u00e9sk\u00e9nt, hanem kapcsolt m\u00e9r\u0151rendszerek r\u00e9szek\u00e9nt alkalmazz\u00e1k, illetve amelyek az atom- \u00e9s molekulaspektroszk\u00f3pia eredm\u00e9nyeinek alkalmaz\u00e1s\u00e1val a term\u00e9szettudom\u00e1nyok m\u00e1s ter\u00fcletein, illetve hat\u00e1rter\u00fcletein hoznak l\u00e9tre \u00faj tudom\u00e1nyos eredm\u00e9nyeket.<\/p>\n<p style=\"text-align: justify;\">A munkabizotts\u00e1g alapvet\u0151 feladat\u00e1nak tekinti el\u0151mozd\u00edtani a kutat\u00f3helyek k\u00f6z\u00f6tti inform\u00e1ci\u00f3\u00e1raml\u00e1st, valamint a sz\u00e9lesebb hazai szakmai k\u00f6z\u00f6ss\u00e9gnek az analitikai spektrok\u00e9miai tudom\u00e1nyos eredm\u00e9nyekkel val\u00f3 megismertet\u00e9s\u00e9t. Ezen c\u00e9lkit\u0171z\u00e9snek megfelel\u0151en f\u0151 tev\u00e9kenys\u00e9ge hazai \u00e9s nemzetk\u00f6zi tudom\u00e1nyos el\u0151ad\u00f3 napok, konferenci\u00e1k szervez\u00e9se, valamint m\u00e1s, hasonl\u00f3 tudom\u00e1nyos szervezetekkel a szakmai kapcsolat fenntart\u00e1sa. A tudom\u00e1nyos tov\u00e1bbk\u00e9pz\u00e9s \u00e9s ut\u00e1np\u00f3tl\u00e1s \u00e9rdek\u00e9ben szakmai h\u00e1tteret biztos\u00edt a PhD \u00e9s az MTA doktora \u00e9rtekez\u00e9sek el\u0151zetes tudom\u00e1nyos vit\u00e1inak lebonyol\u00edt\u00e1s\u00e1hoz, \u00e9s k\u00f6zrem\u0171k\u00f6dik spektrok\u00e9miai vonatkoz\u00e1s\u00fa szakk\u00f6nyvek \u00e9s fels\u0151oktat\u00e1si tananyagok \u00edr\u00e1s\u00e1ban \u00e9s v\u00e9lem\u00e9nyez\u00e9s\u00e9ben. Sz\u00fcks\u00e9g eset\u00e9n relev\u00e1ns tudom\u00e1nyos k\u00e9rd\u00e9sekben v\u00e9lem\u00e9nyt form\u00e1l, \u00e1ll\u00e1sfoglal\u00e1s\u00e1t az \u00edrott \u00e9s digit\u00e1lis sajt\u00f3ban k\u00f6zz\u00e9teszi.<\/p>\n<p style=\"text-align: justify;\"><strong>A munkabizotts\u00e1g szervezeti fel\u00e9p\u00edt\u00e9se:<\/strong><\/p>\n<p style=\"text-align: justify;\">A Spektrok\u00e9miai Munkabizotts\u00e1g az MTA Analitikai \u00e9s K\u00f6rnyezeti K\u00e9miai Bizotts\u00e1g (AKKTB) keret\u00e9n bel\u00fcl v\u00e9gzi munk\u00e1j\u00e1t.<\/p>\n<p style=\"text-align: justify;\">A munkabizotts\u00e1g \u00e9vente legal\u00e1bb egyszer taggy\u0171l\u00e9st tart, amelyen a tagok megvitatj\u00e1k a szakter\u00fclet aktu\u00e1lis k\u00e9rd\u00e9seit, valamint szervezeti \u00e9s szem\u00e9lyi d\u00f6nt\u00e9seket hoznak. A munkabizotts\u00e1g \u00e9vente legal\u00e1bb kett\u0151, m\u0171k\u00f6d\u00e9si ter\u00fclet\u00e9nek megfelel\u0151 tudom\u00e1nyos \u00fcl\u00e9st vagy konferenci\u00e1t szervez \u00f6n\u00e1ll\u00f3an, vagy m\u00e1s tudom\u00e1nyos szervezetekkel k\u00f6z\u00f6sen. A munkabizotts\u00e1g tev\u00e9kenys\u00e9g\u00e9r\u0151l \u00e9vente jelent\u00e9s k\u00e9sz\u00fcl, amelyet minden tag, valamint az AKKTB vezet\u0151s\u00e9ge is megkap.<\/p>\n<p style=\"text-align: justify;\">Az SKM vezet\u0151j\u00e9t (eln\u00f6k\u00e9t) h\u00e1rom\u00e9vente, az akad\u00e9miai v\u00e1laszt\u00e1si ciklusoknak megfelel\u0151 id\u0151ben v\u00e1lasztj\u00e1k meg maguk k\u00f6z\u00fcl a munkabizotts\u00e1g tagjai. A megv\u00e1lasztott eln\u00f6k a tagok k\u00f6z\u00fcl felk\u00e9r\u00e9ssel jel\u00f6li ki a titk\u00e1r szem\u00e9ly\u00e9t. A legut\u00f3bbi, 2024 nyar\u00e1n lezajlott v\u00e1laszt\u00e1s eredm\u00e9nyek\u00e9ppen jelenleg az SKM eln\u00f6ke Dr. Varga Imre P\u00e9ter (ELTE), titk\u00e1ra Dr. Berlinger Bal\u00e1zs (\u00c1llatorvostudom\u00e1nyi Egyetem). A munkabizotts\u00e1got az MTA vonatkoz\u00f3 \u00fcl\u00e9sein, megbesz\u00e9l\u00e9sein az eln\u00f6k, illetve akad\u00e1lyoztat\u00e1sa eset\u00e9n a titk\u00e1r k\u00e9pviseli.<\/p>\n","protected":false},"excerpt":{"rendered":"<p>Az MTA SPEKTROK\u00c9MIAI MUNKABIZOTTS\u00c1G\u00c1NAK fel\u00e9p\u00edt\u00e9se \u00e9s tev\u00e9kenys\u00e9gi k\u00f6re A munkabizotts\u00e1g tagjai: A Spektrok\u00e9miai Munkabizotts\u00e1g (SKM) tagjai a k\u00e9miai tudom\u00e1nyon bel\u00fcl az analitikai atom- \u00e9s\/vagy molekulaspektroszk\u00f3pia ter\u00fclet\u00e9n tev\u00e9kenyked\u0151 kutat\u00f3k. Tagjaiv\u00e1 v\u00e1laszthat\u00f3k azok a \u00a0tudom\u00e1nyos fokozattal rendelkez\u0151, tapasztalt kutat\u00f3k \u00e9s szakemberek, akik&#8230; <a class=\"more-link\" href=\"https:\/\/spektromunkabiz.hu\/index.php\/tortenet-es-kuldetes\/\">Continue Reading &rarr;<\/a><\/p>\n","protected":false},"author":2,"featured_media":0,"parent":0,"menu_order":1,"comment_status":"closed","ping_status":"closed","template":"template-fullwidth.php","meta":{"footnotes":""},"class_list":["post-32","page","type-page","status-publish","hentry"],"_links":{"self":[{"href":"https:\/\/spektromunkabiz.hu\/index.php\/wp-json\/wp\/v2\/pages\/32","targetHints":{"allow":["GET"]}}],"collection":[{"href":"https:\/\/spektromunkabiz.hu\/index.php\/wp-json\/wp\/v2\/pages"}],"about":[{"href":"https:\/\/spektromunkabiz.hu\/index.php\/wp-json\/wp\/v2\/types\/page"}],"author":[{"embeddable":true,"href":"https:\/\/spektromunkabiz.hu\/index.php\/wp-json\/wp\/v2\/users\/2"}],"replies":[{"embeddable":true,"href":"https:\/\/spektromunkabiz.hu\/index.php\/wp-json\/wp\/v2\/comments?post=32"}],"version-history":[{"count":23,"href":"https:\/\/spektromunkabiz.hu\/index.php\/wp-json\/wp\/v2\/pages\/32\/revisions"}],"predecessor-version":[{"id":717,"href":"https:\/\/spektromunkabiz.hu\/index.php\/wp-json\/wp\/v2\/pages\/32\/revisions\/717"}],"wp:attachment":[{"href":"https:\/\/spektromunkabiz.hu\/index.php\/wp-json\/wp\/v2\/media?parent=32"}],"curies":[{"name":"wp","href":"https:\/\/api.w.org\/{rel}","templated":true}]}}