{"id":146,"date":"2016-02-14T16:19:37","date_gmt":"2016-02-14T16:19:37","guid":{"rendered":"https:\/\/spektromunkabiz.hu\/?page_id=146"},"modified":"2023-03-17T15:29:04","modified_gmt":"2023-03-17T15:29:04","slug":"kezdolap","status":"publish","type":"page","link":"https:\/\/spektromunkabiz.hu\/","title":{"rendered":"F\u0151oldal"},"content":{"rendered":"<h2 style=\"text-align: center;\">\u00dcdv\u00f6z\u00f6lj\u00fck a Spektrok\u00e9miai Munkabizotts\u00e1g oldal\u00e1n!<\/h2>\n<p style=\"width: 100%; text-align: center;\"><img loading=\"lazy\" decoding=\"async\" class=\"wp-image-431 aligncenter\" src=\"https:\/\/spektromunkabiz.hu\/wp-content\/uploads\/2016\/02\/cover2_newton_principia-1024x762.png\" alt=\"Main\" width=\"800\" height=\"595\" srcset=\"https:\/\/spektromunkabiz.hu\/wp-content\/uploads\/2016\/02\/cover2_newton_principia-1024x762.png 1024w, https:\/\/spektromunkabiz.hu\/wp-content\/uploads\/2016\/02\/cover2_newton_principia-300x223.png 300w, https:\/\/spektromunkabiz.hu\/wp-content\/uploads\/2016\/02\/cover2_newton_principia-768x571.png 768w, https:\/\/spektromunkabiz.hu\/wp-content\/uploads\/2016\/02\/cover2_newton_principia-945x703.png 945w, https:\/\/spektromunkabiz.hu\/wp-content\/uploads\/2016\/02\/cover2_newton_principia-600x446.png 600w, https:\/\/spektromunkabiz.hu\/wp-content\/uploads\/2016\/02\/cover2_newton_principia.png 1704w\" sizes=\"auto, (max-width: 800px) 100vw, 800px\" \/><\/p>\n","protected":false},"excerpt":{"rendered":"<p>\u00dcdv\u00f6z\u00f6lj\u00fck a Spektrok\u00e9miai Munkabizotts\u00e1g oldal\u00e1n!<\/p>\n","protected":false},"author":2,"featured_media":0,"parent":0,"menu_order":0,"comment_status":"closed","ping_status":"closed","template":"template-fullwidth.php","meta":{"footnotes":""},"class_list":["post-146","page","type-page","status-publish","hentry"],"_links":{"self":[{"href":"https:\/\/spektromunkabiz.hu\/index.php\/wp-json\/wp\/v2\/pages\/146","targetHints":{"allow":["GET"]}}],"collection":[{"href":"https:\/\/spektromunkabiz.hu\/index.php\/wp-json\/wp\/v2\/pages"}],"about":[{"href":"https:\/\/spektromunkabiz.hu\/index.php\/wp-json\/wp\/v2\/types\/page"}],"author":[{"embeddable":true,"href":"https:\/\/spektromunkabiz.hu\/index.php\/wp-json\/wp\/v2\/users\/2"}],"replies":[{"embeddable":true,"href":"https:\/\/spektromunkabiz.hu\/index.php\/wp-json\/wp\/v2\/comments?post=146"}],"version-history":[{"count":17,"href":"https:\/\/spektromunkabiz.hu\/index.php\/wp-json\/wp\/v2\/pages\/146\/revisions"}],"predecessor-version":[{"id":661,"href":"https:\/\/spektromunkabiz.hu\/index.php\/wp-json\/wp\/v2\/pages\/146\/revisions\/661"}],"wp:attachment":[{"href":"https:\/\/spektromunkabiz.hu\/index.php\/wp-json\/wp\/v2\/media?parent=146"}],"curies":[{"name":"wp","href":"https:\/\/api.w.org\/{rel}","templated":true}]}}